{"id":156,"date":"2021-08-03T18:37:37","date_gmt":"2021-08-03T18:37:37","guid":{"rendered":"http:\/\/172.20.200.2\/?page_id=156"},"modified":"2022-03-21T23:05:15","modified_gmt":"2022-03-21T23:05:15","slug":"cartoes-2","status":"publish","type":"page","link":"https:\/\/www.promo.pt\/index.php\/cartoes-2\/","title":{"rendered":"CART\u00d5ES"},"content":{"rendered":"<p>[et_pb_section fb_built=&#8221;1&#8243; fullwidth=&#8221;on&#8221; _builder_version=&#8221;4.9.7&#8243; _module_preset=&#8221;default&#8221;][et_pb_fullwidth_image src=&#8221;https:\/\/www.promo.pt\/wp-content\/uploads\/2022\/03\/cartoes.jpg&#8221; _builder_version=&#8221;4.9.7&#8243; _module_preset=&#8221;default&#8221; hover_enabled=&#8221;0&#8243; title_text=&#8221;cartoes&#8221; sticky_enabled=&#8221;0&#8243;][\/et_pb_fullwidth_image][\/et_pb_section][et_pb_section fb_built=&#8221;1&#8243; _builder_version=&#8221;4.9.7&#8243; _module_preset=&#8221;default&#8221; width=&#8221;100%&#8221; max_width=&#8221;100%&#8221; custom_margin=&#8221;0px|0px|0px|0px|false|false&#8221; custom_padding=&#8221;0px|0px|0px|0px|false|false&#8221;][et_pb_row column_structure=&#8221;1_2,1_2&#8243; make_equal=&#8221;on&#8221; _builder_version=&#8221;4.9.7&#8243; _module_preset=&#8221;default&#8221; background_color=&#8221;#f58028&#8243; width=&#8221;100%&#8221; max_width=&#8221;100%&#8221; custom_margin=&#8221;0px|0px|0px|0px|false|false&#8221; custom_padding=&#8221;0px|0px|0px|0px|false|false&#8221;][et_pb_column type=&#8221;1_2&#8243; _builder_version=&#8221;4.9.7&#8243; _module_preset=&#8221;default&#8221; custom_css_main_element=&#8221;display: flex;||flex-direction: column;||justify-content: center;&#8221;][et_pb_text _builder_version=&#8221;4.9.7&#8243; _module_preset=&#8221;default&#8221; text_text_color=&#8221;#f2f2f2&#8243; text_font_size=&#8221;18px&#8221; width=&#8221;70%&#8221; custom_margin=&#8221;|||25%|false|false&#8221; custom_padding=&#8221;||||false|false&#8221;]<\/p>\n<p style=\"text-align: justify;\">A Promo SA \u00e9 uma empresa portuguesa especializada na produ\u00e7\u00e3o de cart\u00f5es de fideliza\u00e7\u00e3o, promocionais e pr\u00e9-pagos.<\/p>\n<p style=\"text-align: justify;\">Produzimos cart\u00f5es de pl\u00e1stico e papel utilizando software, equipamentos e procedimentos de alta seguran\u00e7a.<\/p>\n<p style=\"text-align: justify;\">Fortemente dependente da qualidade e de or\u00e7amentos cada vez mais restritivos, a produ\u00e7\u00e3o de cart\u00f5es \u00e9 uma \u00e1rea cada vez mais competitiva.<\/p>\n<p style=\"text-align: justify;\">Os clientes procuram um fornecedor que ofere\u00e7a o melhor servi\u00e7o aos melhores pre\u00e7os,<\/p>\n<p style=\"text-align: justify;\">A Promo garante estes requisitos disponibilizando um servi\u00e7o chave-na-m\u00e3o.<\/p>\n<ul style=\"text-align: justify;\"><\/ul>\n<p>[\/et_pb_text][\/et_pb_column][et_pb_column type=&#8221;1_2&#8243; _builder_version=&#8221;4.9.7&#8243; _module_preset=&#8221;default&#8221;][et_pb_image src=&#8221;http:\/\/172.20.200.2\/wp-content\/uploads\/2021\/08\/2-1.webp&#8221; _builder_version=&#8221;4.9.7&#8243; _module_preset=&#8221;default&#8221;][\/et_pb_image][\/et_pb_column][\/et_pb_row][\/et_pb_section][et_pb_section fb_built=&#8221;1&#8243; _builder_version=&#8221;4.9.7&#8243; _module_preset=&#8221;default&#8221; background_enable_color=&#8221;off&#8221; custom_margin=&#8221;0px|0px|0px|0px|false|false&#8221; custom_padding=&#8221;0px|0px|0px|0px|false|false&#8221;][et_pb_row _builder_version=&#8221;4.9.7&#8243; _module_preset=&#8221;default&#8221; custom_margin=&#8221;0px||0px||false|false&#8221; custom_padding=&#8221;0px||0px||false|false&#8221;][et_pb_column type=&#8221;4_4&#8243; _builder_version=&#8221;4.9.7&#8243; _module_preset=&#8221;default&#8221;][et_pb_text _builder_version=&#8221;4.9.7&#8243; _module_preset=&#8221;default&#8221; text_text_color=&#8221;#f58028&#8243; text_font_size=&#8221;50px&#8221; text_line_height=&#8221;1.8em&#8221; custom_margin=&#8221;0px||0px||false|false&#8221; custom_padding=&#8221;0px||0px||false|false&#8221;]<\/p>\n<p style=\"text-align: center;\"><strong>PORQU\u00ca OS NOSSOS CART\u00d5ES<\/strong><\/p>\n<p>[\/et_pb_text][\/et_pb_column][\/et_pb_row][\/et_pb_section][et_pb_section fb_built=&#8221;1&#8243; _builder_version=&#8221;4.9.7&#8243; _module_preset=&#8221;default&#8221; custom_margin=&#8221;0px|0px|0px|0px|false|false&#8221; custom_padding=&#8221;0px|0px|0px|0px|false|false&#8221;][et_pb_row _builder_version=&#8221;4.9.7&#8243; _module_preset=&#8221;default&#8221; custom_margin=&#8221;0px||0px||false|false&#8221; custom_padding=&#8221;0px||0px||false|false&#8221;][et_pb_column type=&#8221;4_4&#8243; _builder_version=&#8221;4.9.7&#8243; _module_preset=&#8221;default&#8221;][et_pb_gallery gallery_ids=&#8221;160,161,162,163,164&#8243; fullwidth=&#8221;on&#8221; _builder_version=&#8221;4.9.7&#8243; _module_preset=&#8221;default&#8221; width=&#8221;40%&#8221; module_alignment=&#8221;center&#8221; max_height=&#8221;500px&#8221; custom_margin=&#8221;0px|0px|0px|0px|false|false&#8221; custom_padding=&#8221;0px|0px|0px|0px|false|false&#8221;][\/et_pb_gallery][\/et_pb_column][\/et_pb_row][\/et_pb_section][et_pb_section fb_built=&#8221;1&#8243; fullwidth=&#8221;on&#8221; _builder_version=&#8221;4.9.7&#8243; _module_preset=&#8221;default&#8221;][et_pb_fullwidth_image src=&#8221;http:\/\/172.20.200.2\/wp-content\/uploads\/2021\/08\/os-nossos-produtos.webp&#8221; _builder_version=&#8221;4.9.7&#8243; _module_preset=&#8221;default&#8221;][\/et_pb_fullwidth_image][\/et_pb_section][et_pb_section fb_built=&#8221;1&#8243; _builder_version=&#8221;4.9.7&#8243; _module_preset=&#8221;default&#8221;][et_pb_row _builder_version=&#8221;4.9.7&#8243; _module_preset=&#8221;default&#8221;][et_pb_column type=&#8221;4_4&#8243; _builder_version=&#8221;4.9.7&#8243; _module_preset=&#8221;default&#8221;][et_pb_code _builder_version=&#8221;4.9.7&#8243; _module_preset=&#8221;default&#8221;]<div id=\"metaslider-id-525\" style=\"width: 100%;\" class=\"ml-slider-3-27-2 metaslider metaslider-flex metaslider-525 ml-slider\">\n    <div id=\"metaslider_container_525\">\n        <div id=\"metaslider_525\">\n            <ul aria-live=\"polite\" class=\"slides\">\n                <li style=\"display: block; width: 100%;\" class=\"slide-526 ms-image\"><img loading=\"lazy\" decoding=\"async\" src=\"https:\/\/www.promo.pt\/wp-content\/uploads\/2021\/08\/Cartao-fidelizacao-ou-promocional-em-pvc-com-raspadinha-700x300.png\" height=\"300\" width=\"700\" alt=\"\" class=\"slider-525 slide-526\" title=\"Cartao-fidelizacao-ou-promocional-em-pvc-com-raspadinha\" \/><\/li>\n                <li style=\"display: none; width: 100%;\" class=\"slide-527 ms-image\"><img loading=\"lazy\" decoding=\"async\" src=\"https:\/\/www.promo.pt\/wp-content\/uploads\/2021\/08\/Cartao-fidelizacao-ou-promocional-em-pvc-com-banda-magnetica-700x300.png\" height=\"300\" width=\"700\" alt=\"\" class=\"slider-525 slide-527\" title=\"Cartao-fidelizacao-ou-promocional-em-pvc-com-banda-magnetica\" \/><\/li>\n                <li style=\"display: none; width: 100%;\" class=\"slide-528 ms-image\"><img loading=\"lazy\" decoding=\"async\" src=\"https:\/\/www.promo.pt\/wp-content\/uploads\/2021\/08\/Cartao-fidelizacao-ou-promocional-em-pvc-com-chip-700x300.png\" height=\"300\" width=\"700\" alt=\"\" class=\"slider-525 slide-528\" title=\"Cartao-fidelizacao-ou-promocional-em-pvc-com-chip\" \/><\/li>\n            <\/ul>\n        <\/div>\n        \n    <\/div>\n<\/div>[\/et_pb_code][et_pb_code _builder_version=&#8221;4.9.7&#8243; _module_preset=&#8221;default&#8221;]<div id=\"metaslider-id-530\" style=\"width: 100%;\" class=\"ml-slider-3-27-2 metaslider metaslider-flex metaslider-530 ml-slider\">\n    <div id=\"metaslider_container_530\">\n        <div id=\"metaslider_530\">\n            <ul aria-live=\"polite\" class=\"slides\">\n                <li style=\"display: block; width: 100%;\" class=\"slide-531 ms-image\"><img loading=\"lazy\" decoding=\"async\" src=\"https:\/\/www.promo.pt\/wp-content\/uploads\/2021\/08\/Cartao-destacavel-com-moldura-standart-700x300.png\" height=\"300\" width=\"700\" alt=\"\" class=\"slider-530 slide-531\" title=\"Cartao-destacavel-com-moldura-standart\" \/><\/li>\n                <li style=\"display: none; width: 100%;\" class=\"slide-532 ms-image\"><img loading=\"lazy\" decoding=\"async\" src=\"https:\/\/www.promo.pt\/wp-content\/uploads\/2021\/08\/Cartao-destacavel-com-moldura-personalizavel-700x300.png\" height=\"300\" width=\"700\" alt=\"\" class=\"slider-530 slide-532\" title=\"Cartao-destacavel-com-moldura-personalizavel\" \/><\/li>\n            <\/ul>\n        <\/div>\n        \n    <\/div>\n<\/div>[\/et_pb_code][et_pb_code _builder_version=&#8221;4.9.7&#8243; _module_preset=&#8221;default&#8221;]<div id=\"metaslider-id-533\" style=\"width: 100%;\" class=\"ml-slider-3-27-2 metaslider metaslider-flex metaslider-533 ml-slider\">\n    <div id=\"metaslider_container_533\">\n        <div id=\"metaslider_533\">\n            <ul aria-live=\"polite\" class=\"slides\">\n                <li style=\"display: block; width: 100%;\" class=\"slide-534 ms-image\"><img loading=\"lazy\" decoding=\"async\" src=\"https:\/\/www.promo.pt\/wp-content\/uploads\/2021\/08\/Multi-mini-vouchers-destacaveis-com-raspadinha-700x300.png\" height=\"300\" width=\"700\" alt=\"\" class=\"slider-533 slide-534\" title=\"Multi-mini-vouchers-destacaveis-com-raspadinha\" \/><\/li>\n                <li style=\"display: none; width: 100%;\" class=\"slide-535 ms-image\"><img loading=\"lazy\" decoding=\"async\" src=\"https:\/\/www.promo.pt\/wp-content\/uploads\/2021\/08\/Mini-Vouchers-destacaveis-com-e-sem-raspadinha-700x300.png\" height=\"300\" width=\"700\" alt=\"\" class=\"slider-533 slide-535\" title=\"Mini-Vouchers-destacaveis-com-e-sem-raspadinha\" \/><\/li>\n            <\/ul>\n        <\/div>\n        \n    <\/div>\n<\/div>[\/et_pb_code][\/et_pb_column][\/et_pb_row][\/et_pb_section][et_pb_section fb_built=&#8221;1&#8243; _builder_version=&#8221;4.9.7&#8243; _module_preset=&#8221;default&#8221; background_color=&#8221;#e6e7e8&#8243; custom_margin=&#8221;0px|0px|0px|0px|false|false&#8221; custom_padding=&#8221;0px|0px|0px|0px|false|false&#8221;][et_pb_row _builder_version=&#8221;4.9.7&#8243; _module_preset=&#8221;default&#8221; custom_margin=&#8221;0px||0px||false|false&#8221; custom_padding=&#8221;0px||0px||false|false&#8221;][et_pb_column type=&#8221;4_4&#8243; _builder_version=&#8221;4.9.7&#8243; _module_preset=&#8221;default&#8221;][et_pb_text _builder_version=&#8221;4.9.7&#8243; _module_preset=&#8221;default&#8221; text_text_color=&#8221;#f58028&#8243; text_font_size=&#8221;50px&#8221; text_line_height=&#8221;1.8em&#8221; custom_margin=&#8221;0px||0px||false|false&#8221; custom_padding=&#8221;0px||0px||false|false&#8221;]<\/p>\n<p style=\"text-align: center;\"><strong>OS NOSSOS TRABALHOS<\/strong><\/p>\n<p>[\/et_pb_text][\/et_pb_column][\/et_pb_row][\/et_pb_section][et_pb_section fb_built=&#8221;1&#8243; _builder_version=&#8221;4.9.7&#8243; _module_preset=&#8221;default&#8221; background_color=&#8221;#e6e7e8&#8243; custom_margin=&#8221;0px|0px|0px|0px|false|false&#8221; custom_padding=&#8221;0px|0px|0px|0px|false|false&#8221;][et_pb_row _builder_version=&#8221;4.9.7&#8243; _module_preset=&#8221;default&#8221; custom_margin=&#8221;0px||0px||false|false&#8221; custom_padding=&#8221;0px||0px||false|false&#8221;][et_pb_column type=&#8221;4_4&#8243; _builder_version=&#8221;4.9.7&#8243; _module_preset=&#8221;default&#8221;][et_pb_code _builder_version=&#8221;4.9.7&#8243; _module_preset=&#8221;default&#8221;]<div class=\"wpcp-carousel-wrapper wpcp-wrapper-483\"><div id=\"wpcp-preloader-483\" class=\"wpcp-carousel-preloader\"><img decoding=\"async\" src=\" https:\/\/www.promo.pt\/wp-content\/plugins\/wp-carousel-free\/public\/css\/ajax-loader.gif \"\/><\/div><div id=\"sp-wp-carousel-free-id-483\" class=\"wpcp-carousel-section sp-wpcp-483 nav-vertical-center wpcp-image-carousel wpcp-preloader wpcp-standard\" data-slick='{ \"accessibility\":true, \"arrows\":true, \"autoplay\":true, \"autoplaySpeed\":3000, \"dots\":true, \"infinite\":true, \"speed\":600, \"pauseOnHover\":true, \"slidesToShow\":5, \"responsive\":[ { \"breakpoint\":1200, \"settings\": { \"slidesToShow\":4 } }, { \"breakpoint\":980, \"settings\":{ \"slidesToShow\":3 } }, { \"breakpoint\":736, \"settings\": { \"slidesToShow\":2 } }, {\"breakpoint\":480, \"settings\":{ \"slidesToShow\":1, \"arrows\": false, \"dots\": true } } ], \"rtl\":false, \"swipe\": true, \"draggable\": true, \"swipeToSlide\":false }'   dir=\"ltr\"><div class=\"wpcp-single-item\"><div class=\"wpcp-slide-image\"><img loading=\"lazy\" decoding=\"async\" src=\"https:\/\/www.promo.pt\/wp-content\/uploads\/2021\/08\/Cartao-cupoes-destacaveis-com-raspadinha_frente.jpg\" alt=\"Cartao-cupoes-destacaveis-com-raspadinha_frente\" width=\"1181\" height=\"940\"><\/div><\/div><div class=\"wpcp-single-item\"><div class=\"wpcp-slide-image\"><img loading=\"lazy\" decoding=\"async\" src=\"https:\/\/www.promo.pt\/wp-content\/uploads\/2021\/08\/Cartao-cupoes-destacaveis-com-raspadinha-embalagem-em-flowpack.jpg\" alt=\"Cartao-cupoes-destacaveis-com-raspadinha-embalagem-em-flowpack\" width=\"1181\" height=\"1304\"><\/div><\/div><div class=\"wpcp-single-item\"><div class=\"wpcp-slide-image\"><img loading=\"lazy\" decoding=\"async\" src=\"https:\/\/www.promo.pt\/wp-content\/uploads\/2021\/08\/Cartao-Meo-Videoclube-com-moldura-standart_costas.jpg\" alt=\"Cartao-Meo-Videoclube-com-moldura-standart_costas\" width=\"1181\" height=\"1588\"><\/div><\/div><div class=\"wpcp-single-item\"><div class=\"wpcp-slide-image\"><img loading=\"lazy\" decoding=\"async\" src=\"https:\/\/www.promo.pt\/wp-content\/uploads\/2021\/08\/Cartao-Meo-Videoclube-com-moldura-standart_frente.jpg\" alt=\"Cartao-Meo-Videoclube-com-moldura-standart_frente\" width=\"1181\" height=\"1695\"><\/div><\/div><div class=\"wpcp-single-item\"><div class=\"wpcp-slide-image\"><img loading=\"lazy\" decoding=\"async\" src=\"https:\/\/www.promo.pt\/wp-content\/uploads\/2021\/08\/Cartao-Meo-Videoclube-Kids-com-moldura-standart_costas.jpg\" alt=\"Cartao-Meo-Videoclube-Kids-com-moldura-standart_costas\" width=\"886\" height=\"886\"><\/div><\/div><div class=\"wpcp-single-item\"><div class=\"wpcp-slide-image\"><img loading=\"lazy\" decoding=\"async\" src=\"https:\/\/www.promo.pt\/wp-content\/uploads\/2021\/08\/Cartao-Meo-Videoclube-Kids-com-moldura-standart_frente.jpg\" alt=\"Cartao-Meo-Videoclube-Kids-com-moldura-standart_frente\" width=\"1181\" height=\"1181\"><\/div><\/div><div class=\"wpcp-single-item\"><div class=\"wpcp-slide-image\"><img loading=\"lazy\" decoding=\"async\" src=\"https:\/\/www.promo.pt\/wp-content\/uploads\/2021\/08\/Cartao-PT-Easy-Talk-com-moldura-standart_costas.jpg\" alt=\"Cartao-PT-Easy-Talk-com-moldura-standart_costas\" width=\"909\" height=\"1181\"><\/div><\/div><div class=\"wpcp-single-item\"><div class=\"wpcp-slide-image\"><img loading=\"lazy\" decoding=\"async\" src=\"https:\/\/www.promo.pt\/wp-content\/uploads\/2021\/08\/Cartao-PT-Easy-Talk-com-moldura-standart_frente.jpg\" alt=\"Cartao-PT-Easy-Talk-com-moldura-standart_frente\" width=\"865\" height=\"1181\"><\/div><\/div><div class=\"wpcp-single-item\"><div class=\"wpcp-slide-image\"><img loading=\"lazy\" decoding=\"async\" src=\"https:\/\/www.promo.pt\/wp-content\/uploads\/2021\/08\/Cartoes-em-harmonio-com-raspadinha-costas.jpg\" alt=\"Cartoes-em-harmonio-com-raspadinha-costas\" width=\"1181\" height=\"1849\"><\/div><\/div><div class=\"wpcp-single-item\"><div class=\"wpcp-slide-image\"><img loading=\"lazy\" decoding=\"async\" src=\"https:\/\/www.promo.pt\/wp-content\/uploads\/2021\/08\/Cartoes-em-harmonio-com-raspadinha-frente.jpg\" alt=\"Cartoes-em-harmonio-com-raspadinha-frente\" width=\"1181\" height=\"1776\"><\/div><\/div><div class=\"wpcp-single-item\"><div class=\"wpcp-slide-image\"><img loading=\"lazy\" decoding=\"async\" src=\"https:\/\/www.promo.pt\/wp-content\/uploads\/2021\/08\/Hellocard-Brasil-destacavel-com-moldura-standart_costas.jpg\" alt=\"Hellocard-Brasil-destacavel-com-moldura-standart_costas\" width=\"886\" height=\"1161\"><\/div><\/div><div class=\"wpcp-single-item\"><div class=\"wpcp-slide-image\"><img loading=\"lazy\" decoding=\"async\" src=\"https:\/\/www.promo.pt\/wp-content\/uploads\/2021\/08\/Hellocard-Brasil-destacavel-com-moldura-standart_frente.jpg\" alt=\"Hellocard-Brasil-destacavel-com-moldura-standart_frente\" width=\"886\" height=\"1164\"><\/div><\/div><div class=\"wpcp-single-item\"><div class=\"wpcp-slide-image\"><img loading=\"lazy\" decoding=\"async\" src=\"https:\/\/www.promo.pt\/wp-content\/uploads\/2021\/08\/Hellocard-destacavel-com-moldura-standart_costas.jpg\" alt=\"Hellocard-destacavel-com-moldura-standart_costas\" width=\"1181\" height=\"1578\"><\/div><\/div><div class=\"wpcp-single-item\"><div class=\"wpcp-slide-image\"><img loading=\"lazy\" decoding=\"async\" src=\"https:\/\/www.promo.pt\/wp-content\/uploads\/2021\/08\/Hellocard-destacavel-com-moldura-standart_frente.jpg\" alt=\"Hellocard-destacavel-com-moldura-standart_frente\" width=\"886\" height=\"1239\"><\/div><\/div><div class=\"wpcp-single-item\"><div class=\"wpcp-slide-image\"><img loading=\"lazy\" decoding=\"async\" src=\"https:\/\/www.promo.pt\/wp-content\/uploads\/2021\/08\/2-1.jpg\" alt=\"2-1\" width=\"825\" height=\"825\"><\/div><\/div><div class=\"wpcp-single-item\"><div class=\"wpcp-slide-image\"><img loading=\"lazy\" decoding=\"async\" src=\"https:\/\/www.promo.pt\/wp-content\/uploads\/2021\/08\/Cartao-cupoes-destacaveis-com-raspadinha_costas.jpg\" alt=\"Cartao-cupoes-destacaveis-com-raspadinha_costas\" width=\"955\" height=\"787\"><\/div><\/div><\/div><\/div>[\/et_pb_code][\/et_pb_column][\/et_pb_row][\/et_pb_section][et_pb_section fb_built=&#8221;1&#8243; _builder_version=&#8221;4.9.7&#8243; _module_preset=&#8221;default&#8221; background_color=&#8221;#404042&#8243; global_module=&#8221;115&#8243; saved_tabs=&#8221;all&#8221;][et_pb_row _builder_version=&#8221;4.9.7&#8243; _module_preset=&#8221;default&#8221;][et_pb_column type=&#8221;4_4&#8243; _builder_version=&#8221;4.9.7&#8243; _module_preset=&#8221;default&#8221;][et_pb_text _builder_version=&#8221;4.9.7&#8243; _module_preset=&#8221;default&#8221;]<\/p>\n<h3 style=\"text-align: center;\"><span style=\"color: #b51a84;\"><strong>CONTACTOS<\/strong><\/span><\/h3>\n<p style=\"text-align: center;\">Rua Professor Henrique de Barros, n\u00ba1, Quinta do Marchante<br \/>\n2685-339 Prior Velho &#8211; Lisboa &#8211; Portugal<br \/>\nTel: +351 21 949 7100 &#8211; Fax: +351 21 949 7199<\/p>\n<p>&nbsp;<\/p>\n<p style=\"text-align: center; color: #e6e7e8;\"><a href=\"\/contactos\/\">Mais detalhes<\/a><\/p>\n<p style=\"text-align: center; margin-bottom: 5px; margin-right: 3px;\"><a href=\"http:\/\/www.facebook.com\/PromoServicosIntegradosDeMarketingSa\" target=\"_blank\" rel=\"noopener noreferrer\"><img decoding=\"async\" style=\"display: inline; width: 50px;\" src=\"\/wp-content\/uploads\/2021\/08\/FACEBOOK.webp\" alt=\"\" \/><\/a>\u00a0\u00a0\u00a0\u00a0<a href=\"http:\/\/www.linkedin.com\/company\/1656590?trk=prof-exp-company-name\" target=\"_blank\" rel=\"noopener noreferrer\"><img decoding=\"async\" style=\"display: inline; width: 50px;\" src=\"\/wp-content\/uploads\/2021\/08\/linkedin.webp\" alt=\"\" \/><\/a><\/p>\n<p>[\/et_pb_text][\/et_pb_column][\/et_pb_row][\/et_pb_section]<\/p>\n","protected":false},"excerpt":{"rendered":"<p>[et_pb_section fb_built=&#8221;1&#8243; fullwidth=&#8221;on&#8221; _builder_version=&#8221;4.9.7&#8243; _module_preset=&#8221;default&#8221;][et_pb_fullwidth_image src=&#8221;https:\/\/www.promo.pt\/wp-content\/uploads\/2022\/03\/cartoes.jpg&#8221; _builder_version=&#8221;4.9.7&#8243; _module_preset=&#8221;default&#8221; hover_enabled=&#8221;0&#8243; title_text=&#8221;cartoes&#8221; sticky_enabled=&#8221;0&#8243;][\/et_pb_fullwidth_image][\/et_pb_section][et_pb_section fb_built=&#8221;1&#8243; _builder_version=&#8221;4.9.7&#8243; _module_preset=&#8221;default&#8221; width=&#8221;100%&#8221; max_width=&#8221;100%&#8221; custom_margin=&#8221;0px|0px|0px|0px|false|false&#8221; custom_padding=&#8221;0px|0px|0px|0px|false|false&#8221;][et_pb_row column_structure=&#8221;1_2,1_2&#8243; make_equal=&#8221;on&#8221; _builder_version=&#8221;4.9.7&#8243; _module_preset=&#8221;default&#8221; background_color=&#8221;#f58028&#8243; width=&#8221;100%&#8221; max_width=&#8221;100%&#8221; custom_margin=&#8221;0px|0px|0px|0px|false|false&#8221; custom_padding=&#8221;0px|0px|0px|0px|false|false&#8221;][et_pb_column type=&#8221;1_2&#8243; _builder_version=&#8221;4.9.7&#8243; _module_preset=&#8221;default&#8221; custom_css_main_element=&#8221;display: flex;||flex-direction: column;||justify-content: center;&#8221;][et_pb_text _builder_version=&#8221;4.9.7&#8243; _module_preset=&#8221;default&#8221; text_text_color=&#8221;#f2f2f2&#8243; text_font_size=&#8221;18px&#8221; width=&#8221;70%&#8221; custom_margin=&#8221;|||25%|false|false&#8221; custom_padding=&#8221;||||false|false&#8221;] A Promo SA \u00e9 uma empresa portuguesa especializada na produ\u00e7\u00e3o de cart\u00f5es de fideliza\u00e7\u00e3o, [&hellip;]<\/p>\n","protected":false},"author":1,"featured_media":0,"parent":0,"menu_order":0,"comment_status":"closed","ping_status":"closed","template":"","meta":{"_et_pb_use_builder":"on","_et_pb_old_content":"","_et_gb_content_width":"","footnotes":""},"class_list":["post-156","page","type-page","status-publish","hentry"],"_links":{"self":[{"href":"https:\/\/www.promo.pt\/index.php\/wp-json\/wp\/v2\/pages\/156","targetHints":{"allow":["GET"]}}],"collection":[{"href":"https:\/\/www.promo.pt\/index.php\/wp-json\/wp\/v2\/pages"}],"about":[{"href":"https:\/\/www.promo.pt\/index.php\/wp-json\/wp\/v2\/types\/page"}],"author":[{"embeddable":true,"href":"https:\/\/www.promo.pt\/index.php\/wp-json\/wp\/v2\/users\/1"}],"replies":[{"embeddable":true,"href":"https:\/\/www.promo.pt\/index.php\/wp-json\/wp\/v2\/comments?post=156"}],"version-history":[{"count":9,"href":"https:\/\/www.promo.pt\/index.php\/wp-json\/wp\/v2\/pages\/156\/revisions"}],"predecessor-version":[{"id":605,"href":"https:\/\/www.promo.pt\/index.php\/wp-json\/wp\/v2\/pages\/156\/revisions\/605"}],"wp:attachment":[{"href":"https:\/\/www.promo.pt\/index.php\/wp-json\/wp\/v2\/media?parent=156"}],"curies":[{"name":"wp","href":"https:\/\/api.w.org\/{rel}","templated":true}]}}